{"id":22,"date":"2025-07-24T08:35:16","date_gmt":"2025-07-24T08:35:16","guid":{"rendered":"https:\/\/sysadminow.com\/?page_id=22"},"modified":"2025-10-18T21:25:30","modified_gmt":"2025-10-18T21:25:30","slug":"seguridad-y-recuperacion","status":"publish","type":"page","link":"https:\/\/sysadminow.com\/?page_id=22","title":{"rendered":"Seguridad, Backup y Continuidad"},"content":{"rendered":"\t\t<div data-elementor-type=\"wp-page\" data-elementor-id=\"22\" class=\"elementor elementor-22\" data-elementor-post-type=\"page\">\n\t\t\t\t<div class=\"elementor-element elementor-element-7984577 e-flex e-con-boxed e-con e-parent\" data-id=\"7984577\" data-element_type=\"container\">\n\t\t\t\t\t<div class=\"e-con-inner\">\n\t\t\t\t<div class=\"elementor-element elementor-element-3463a59 elementor-widget elementor-widget-text-editor\" data-id=\"3463a59\" data-element_type=\"widget\" data-widget_type=\"text-editor.default\">\n\t\t\t\t\t\t\t\t\t<p>En un mundo digital, una sola brecha de seguridad o p\u00e9rdida de datos puede costar mucho m\u00e1s que dinero. Nuestro servicio garantiza que tu empresa est\u00e9 blindada ante amenazas, errores humanos o imprevistos tecnol\u00f3gicos..<\/p>\t\t\t\t\t\t\t\t<\/div>\n\t\t\t\t\t<\/div>\n\t\t\t\t<\/div>\n\t\t<div class=\"elementor-element elementor-element-58a23b3 e-con-full e-flex e-con e-parent\" data-id=\"58a23b3\" data-element_type=\"container\">\n\t\t<div class=\"elementor-element elementor-element-be4f6ac e-con-full e-flex e-con e-child\" data-id=\"be4f6ac\" data-element_type=\"container\">\n\t\t<div class=\"elementor-element elementor-element-636768b e-con-full e-flex e-con e-child\" data-id=\"636768b\" data-element_type=\"container\">\n\t\t\t\t<div class=\"elementor-element elementor-element-39435fc elementor-widget elementor-widget-heading\" data-id=\"39435fc\" data-element_type=\"widget\" data-widget_type=\"heading.default\">\n\t\t\t\t\t<h2 class=\"elementor-heading-title elementor-size-default\">\u00bfQu\u00e9 incluye este servicio?<\/h2>\t\t\t\t<\/div>\n\t\t\t\t<div class=\"elementor-element elementor-element-5415bc1 elementor-widget elementor-widget-text-editor\" data-id=\"5415bc1\" data-element_type=\"widget\" data-widget_type=\"text-editor.default\">\n\t\t\t\t\t\t\t\t\t<ul><li data-start=\"2799\" data-end=\"2852\"><p data-start=\"2801\" data-end=\"2852\">Sistemas de ciberseguridad adaptados a tu negocio<\/p><\/li><li data-start=\"2853\" data-end=\"2909\"><p data-start=\"2855\" data-end=\"2909\">Copias de seguridad autom\u00e1ticas locales y en la nube<\/p><\/li><li data-start=\"2910\" data-end=\"2955\"><p data-start=\"2912\" data-end=\"2955\">Restauraci\u00f3n r\u00e1pida ante p\u00e9rdida de datos<\/p><\/li><li data-start=\"2956\" data-end=\"2998\"><p data-start=\"2958\" data-end=\"2998\">Planes de continuidad de negocio (BCP)<\/p><\/li><li data-start=\"2999\" data-end=\"3046\"><p data-start=\"3001\" data-end=\"3046\">Protecci\u00f3n de accesos, dispositivos y redes\u00a0<\/p><\/li><\/ul>\t\t\t\t\t\t\t\t<\/div>\n\t\t\t\t<div class=\"elementor-element elementor-element-e1e0ad1 elementor-widget elementor-widget-heading\" data-id=\"e1e0ad1\" data-element_type=\"widget\" data-widget_type=\"heading.default\">\n\t\t\t\t\t<h2 class=\"elementor-heading-title elementor-size-default\">\u00bfQu\u00e9 beneficios tiene?<\/h2>\t\t\t\t<\/div>\n\t\t\t\t<div class=\"elementor-element elementor-element-7e85f19 elementor-widget elementor-widget-text-editor\" data-id=\"7e85f19\" data-element_type=\"widget\" data-widget_type=\"text-editor.default\">\n\t\t\t\t\t\t\t\t\t<ul><li data-start=\"2799\" data-end=\"2852\"><p data-start=\"2801\" data-end=\"2852\">Protecci\u00f3n contra ciberataques<\/p><\/li><li data-start=\"2853\" data-end=\"2909\"><p data-start=\"2855\" data-end=\"2909\">Cumplimiento normativo (LOPD, RGPD, ISO)<\/p><\/li><li data-start=\"2910\" data-end=\"2955\"><p data-start=\"2912\" data-end=\"2955\">Respaldo constante y recuperaci\u00f3n r\u00e1pida<\/p><\/li><li data-start=\"2956\" data-end=\"2998\"><p data-start=\"2958\" data-end=\"2998\">Reducci\u00f3n de tiempos de inactividad<\/p><\/li><li data-start=\"2999\" data-end=\"3046\"><p data-start=\"3001\" data-end=\"3046\">Confianza y tranquilidad para ti y tus clientes<\/p><\/li><\/ul>\t\t\t\t\t\t\t\t<\/div>\n\t\t\t\t<\/div>\n\t\t<div class=\"elementor-element elementor-element-52b6279 e-con-full e-flex e-con e-child\" data-id=\"52b6279\" data-element_type=\"container\">\n\t\t\t\t<\/div>\n\t\t\t\t<\/div>\n\t\t\t\t<\/div>\n\t\t\t\t<\/div>\n\t\t","protected":false},"excerpt":{"rendered":"<p>En un mundo digital, una sola brecha de seguridad o p\u00e9rdida de datos puede costar mucho m\u00e1s que dinero. Nuestro servicio garantiza que tu empresa est\u00e9 blindada ante amenazas, errores humanos o imprevistos tecnol\u00f3gicos.. \u00bfQu\u00e9 incluye este servicio? Sistemas de ciberseguridad adaptados a tu negocio Copias de seguridad autom\u00e1ticas locales y en la nube Restauraci\u00f3n [&hellip;]<\/p>\n","protected":false},"author":1,"featured_media":0,"parent":0,"menu_order":0,"comment_status":"closed","ping_status":"closed","template":"elementor_header_footer","meta":{"footnotes":""},"class_list":["post-22","page","type-page","status-publish","hentry"],"_links":{"self":[{"href":"https:\/\/sysadminow.com\/index.php?rest_route=\/wp\/v2\/pages\/22","targetHints":{"allow":["GET"]}}],"collection":[{"href":"https:\/\/sysadminow.com\/index.php?rest_route=\/wp\/v2\/pages"}],"about":[{"href":"https:\/\/sysadminow.com\/index.php?rest_route=\/wp\/v2\/types\/page"}],"author":[{"embeddable":true,"href":"https:\/\/sysadminow.com\/index.php?rest_route=\/wp\/v2\/users\/1"}],"replies":[{"embeddable":true,"href":"https:\/\/sysadminow.com\/index.php?rest_route=%2Fwp%2Fv2%2Fcomments&post=22"}],"version-history":[{"count":14,"href":"https:\/\/sysadminow.com\/index.php?rest_route=\/wp\/v2\/pages\/22\/revisions"}],"predecessor-version":[{"id":384,"href":"https:\/\/sysadminow.com\/index.php?rest_route=\/wp\/v2\/pages\/22\/revisions\/384"}],"wp:attachment":[{"href":"https:\/\/sysadminow.com\/index.php?rest_route=%2Fwp%2Fv2%2Fmedia&parent=22"}],"curies":[{"name":"wp","href":"https:\/\/api.w.org\/{rel}","templated":true}]}}