{"id":53,"date":"2025-07-24T10:19:56","date_gmt":"2025-07-24T10:19:56","guid":{"rendered":"https:\/\/sysadminow.com\/?page_id=53"},"modified":"2025-10-20T15:19:15","modified_gmt":"2025-10-20T15:19:15","slug":"sobre","status":"publish","type":"page","link":"https:\/\/sysadminow.com\/?page_id=53","title":{"rendered":"Sobre nosotros"},"content":{"rendered":"\t\t<div data-elementor-type=\"wp-page\" data-elementor-id=\"53\" class=\"elementor elementor-53\" data-elementor-post-type=\"page\">\n\t\t\t\t<div class=\"elementor-element elementor-element-23780cc e-flex e-con-boxed e-con e-parent\" data-id=\"23780cc\" data-element_type=\"container\">\n\t\t\t\t\t<div class=\"e-con-inner\">\n\t\t\t\t\t<\/div>\n\t\t\t\t<\/div>\n\t\t<div class=\"elementor-element elementor-element-ebab8f2 e-con-full e-flex e-con e-parent\" data-id=\"ebab8f2\" data-element_type=\"container\">\n\t\t<div class=\"elementor-element elementor-element-db5e184 e-con-full e-flex e-con e-child\" data-id=\"db5e184\" data-element_type=\"container\">\n\t\t\t\t<div class=\"elementor-element elementor-element-8c7e939 elementor-widget elementor-widget-text-editor\" data-id=\"8c7e939\" data-element_type=\"widget\" data-widget_type=\"text-editor.default\">\n\t\t\t\t\t\t\t\t\t<p>En Sysadminow, ayudamos a empresas a transformar su entorno tecnol\u00f3gico para que trabajen de forma m\u00e1s eficiente, segura y escalable. Somos una empresa con sede en Elche (Alicante), especializada en automatizaci\u00f3n de procesos, ciberseguridad, backup, infraestructura IT y redes empresariales.<\/p>\t\t\t\t\t\t\t\t<\/div>\n\t\t\t\t<\/div>\n\t\t<div class=\"elementor-element elementor-element-3c04961 e-con-full e-flex e-con e-child\" data-id=\"3c04961\" data-element_type=\"container\">\n\t\t\t\t<div class=\"elementor-element elementor-element-cde5290 elementor-widget elementor-widget-text-editor\" data-id=\"cde5290\" data-element_type=\"widget\" data-widget_type=\"text-editor.default\">\n\t\t\t\t\t\t\t\t\t<p>Sabemos que la tecnolog\u00eda no es solo un soporte, sino una herramienta estrat\u00e9gica. Por eso trabajamos codo a codo con cada cliente, entendiendo sus necesidades y ofreciendo soluciones personalizadas que realmente marcan la diferencia.<\/p>\t\t\t\t\t\t\t\t<\/div>\n\t\t\t\t<\/div>\n\t\t\t\t<\/div>\n\t\t<div class=\"elementor-element elementor-element-d347ea6 e-flex e-con-boxed e-con e-parent\" data-id=\"d347ea6\" data-element_type=\"container\">\n\t\t\t\t\t<div class=\"e-con-inner\">\n\t\t\t\t<div class=\"elementor-element elementor-element-372d9fd elementor-widget elementor-widget-text-editor\" data-id=\"372d9fd\" data-element_type=\"widget\" data-widget_type=\"text-editor.default\">\n\t\t\t\t\t\t\t\t\t<p>Nuestra misi\u00f3n es acompa\u00f1ar a las empresas en su transformaci\u00f3n digital, haciendo que la tecnolog\u00eda sea una ventaja competitiva real mediante soluciones s\u00f3lidas, seguras y adaptadas a cada etapa de crecimiento.<\/p>\t\t\t\t\t\t\t\t<\/div>\n\t\t\t\t\t<\/div>\n\t\t\t\t<\/div>\n\t\t<div class=\"elementor-element elementor-element-2f0c38e e-con-full e-flex e-con e-parent\" data-id=\"2f0c38e\" data-element_type=\"container\">\n\t\t\t\t<div class=\"elementor-element elementor-element-72198f3 elementor-widget elementor-widget-heading\" data-id=\"72198f3\" data-element_type=\"widget\" data-widget_type=\"heading.default\">\n\t\t\t\t\t<h2 class=\"elementor-heading-title elementor-size-default\">\u00bfQu\u00e9 nos diferencia?<\/h2>\t\t\t\t<\/div>\n\t\t\t\t<div class=\"elementor-element elementor-element-c1f67fd elementor-widget elementor-widget-text-editor\" data-id=\"c1f67fd\" data-element_type=\"widget\" data-widget_type=\"text-editor.default\">\n\t\t\t\t\t\t\t\t\t<ul><li data-start=\"1369\" data-end=\"1463\"><p data-start=\"1371\" data-end=\"1463\"><strong data-start=\"1373\" data-end=\"1404\">Asesoramiento personalizado<\/strong>: escuchamos, analizamos y dise\u00f1amos soluciones a medida.<\/p><\/li><li data-start=\"1464\" data-end=\"1566\"><p data-start=\"1466\" data-end=\"1566\"><strong data-start=\"1468\" data-end=\"1496\">Experiencia t\u00e9cnica real<\/strong>: profesionales con trayectoria en entornos empresariales exigentes.<\/p><\/li><li data-start=\"1567\" data-end=\"1650\"><p data-start=\"1569\" data-end=\"1650\"><strong data-start=\"1571\" data-end=\"1593\">Cercan\u00eda y soporte<\/strong>: estamos cerca de ti, con atenci\u00f3n directa y continua.<\/p><\/li><li data-start=\"1651\" data-end=\"1750\"><p data-start=\"1653\" data-end=\"1750\"><strong data-start=\"1655\" data-end=\"1684\">Compromiso con la calidad<\/strong>: no ofrecemos \u201cm\u00e1s de lo mismo\u201d, sino lo que tu empresa necesita.<\/p><\/li><\/ul>\t\t\t\t\t\t\t\t<\/div>\n\t\t\t\t<\/div>\n\t\t<div class=\"elementor-element elementor-element-9280a3b e-flex e-con-boxed e-con e-parent\" data-id=\"9280a3b\" data-element_type=\"container\">\n\t\t\t\t\t<div class=\"e-con-inner\">\n\t\t\t\t<div class=\"elementor-element elementor-element-7526cb3 elementor-widget elementor-widget-heading\" data-id=\"7526cb3\" data-element_type=\"widget\" data-widget_type=\"heading.default\">\n\t\t\t\t\t<h2 class=\"elementor-heading-title elementor-size-default\">\u00bfListo para llevar tu empresa al siguiente nivel?<\/h2>\t\t\t\t<\/div>\n\t\t\t\t<div class=\"elementor-element elementor-element-abfdb50 elementor-align-center elementor-widget elementor-widget-button\" data-id=\"abfdb50\" data-element_type=\"widget\" data-widget_type=\"button.default\">\n\t\t\t\t\t\t\t\t\t\t<a class=\"elementor-button elementor-button-link elementor-size-sm\" href=\"https:\/\/sysadminow.com\/?page_id=29\">\n\t\t\t\t\t\t<span class=\"elementor-button-content-wrapper\">\n\t\t\t\t\t\t\t\t\t<span class=\"elementor-button-text\">Contacto<\/span>\n\t\t\t\t\t<\/span>\n\t\t\t\t\t<\/a>\n\t\t\t\t\t\t\t\t<\/div>\n\t\t\t\t\t<\/div>\n\t\t\t\t<\/div>\n\t\t\t\t<\/div>\n\t\t","protected":false},"excerpt":{"rendered":"<p>En Sysadminow, ayudamos a empresas a transformar su entorno tecnol\u00f3gico para que trabajen de forma m\u00e1s eficiente, segura y escalable. Somos una empresa con sede en Elche (Alicante), especializada en automatizaci\u00f3n de procesos, ciberseguridad, backup, infraestructura IT y redes empresariales. Sabemos que la tecnolog\u00eda no es solo un soporte, sino una herramienta estrat\u00e9gica. Por eso [&hellip;]<\/p>\n","protected":false},"author":1,"featured_media":0,"parent":0,"menu_order":0,"comment_status":"closed","ping_status":"closed","template":"elementor_header_footer","meta":{"footnotes":""},"class_list":["post-53","page","type-page","status-publish","hentry"],"_links":{"self":[{"href":"https:\/\/sysadminow.com\/index.php?rest_route=\/wp\/v2\/pages\/53","targetHints":{"allow":["GET"]}}],"collection":[{"href":"https:\/\/sysadminow.com\/index.php?rest_route=\/wp\/v2\/pages"}],"about":[{"href":"https:\/\/sysadminow.com\/index.php?rest_route=\/wp\/v2\/types\/page"}],"author":[{"embeddable":true,"href":"https:\/\/sysadminow.com\/index.php?rest_route=\/wp\/v2\/users\/1"}],"replies":[{"embeddable":true,"href":"https:\/\/sysadminow.com\/index.php?rest_route=%2Fwp%2Fv2%2Fcomments&post=53"}],"version-history":[{"count":20,"href":"https:\/\/sysadminow.com\/index.php?rest_route=\/wp\/v2\/pages\/53\/revisions"}],"predecessor-version":[{"id":393,"href":"https:\/\/sysadminow.com\/index.php?rest_route=\/wp\/v2\/pages\/53\/revisions\/393"}],"wp:attachment":[{"href":"https:\/\/sysadminow.com\/index.php?rest_route=%2Fwp%2Fv2%2Fmedia&parent=53"}],"curies":[{"name":"wp","href":"https:\/\/api.w.org\/{rel}","templated":true}]}}